{"id":8,"date":"2025-09-30T13:24:52","date_gmt":"2025-09-30T11:24:52","guid":{"rendered":"https:\/\/schoenkonferenz.org\/?page_id=8"},"modified":"2026-01-29T14:11:24","modified_gmt":"2026-01-29T13:11:24","slug":"homepage","status":"publish","type":"page","link":"https:\/\/schoenkonferenz.org\/","title":{"rendered":"Homepage"},"content":{"rendered":"<div class=\"brz brz-root__container brz-reset-all brz-root__container-page\">\n<section id=\"qTTF7p_l7STE_qTTF7p_l7STE\" class=\"brz-section brz-css-tgvl brz-css-f52wbu\">\n<div class=\"brz-section__content brz-section--boxed brz-css-1ovcta4 brz-css-19uwffn\" data-brz-custom-id=\"pH4knOwECbkZ\">\n<div class=\"brz-bg\">\n<div class=\"brz-bg-color\"><\/div>\n<\/div>\n<div class=\"brz-container brz-css-9rqy4w brz-css-1fpwpx7\">\n<div id=\"\" class=\"brz-css-yytpyb brz-css-ufzufm brz-wrapper\">\n<div class=\"brz-rich-text brz-rich-text__custom brz-css-1f3jseo brz-css-169unzj\" data-brz-custom-id=\"hgeYhoOTvQou\">\n<div data-brz-translate-text=\"1\">\n<p class=\"brz-tp-lg-paragraph brz-text-lg-center brz-css-eCgbu\" data-uniq-id=\"ldEpN\" data-generated-css=\"brz-css-hArKL\"><span class=\"brz-cp-color8\">Save-the-date<\/span><\/p>\n<\/div>\n<\/div>\n<\/div>\n<div id=\"\" class=\"brz-css-yytpyb brz-css-m8yfnq brz-wrapper\">\n<div class=\"brz-rich-text brz-rich-text__custom brz-css-1f3jseo brz-css-f1x5dw\" data-brz-custom-id=\"uboLBjuduTSu\">\n<div data-brz-translate-text=\"1\">\n<p class=\"brz-fsft-sm-0 brz-fwdth-sm-100 brz-vfw-sm-400 brz-lh-sm-1_1 brz-ls-sm-1_5 brz-fw-sm-700 brz-fss-sm-px brz-fs-sm-80 brz-tp-sm-empty brz-text-lg-center brz-fss-lg-px brz-fw-lg-700 brz-ls-lg-1_5 brz-lh-lg-1_3 brz-vfw-lg-400 brz-fwdth-lg-100 brz-fsft-lg-0 brz-tp-lg-empty brz-ff-the_seasons brz-ft-adobe brz-fs-lg-80 brz-tp-xs-empty brz-fs-xs-50 brz-fss-xs-px brz-fw-xs-700 brz-ls-xs-1_2 brz-lh-xs-1_3 brz-vfw-xs-400 brz-fwdth-xs-100 brz-fsft-xs-0 brz-css-nmUfZ\" data-generated-css=\"brz-css-gYCNt\" data-uniq-id=\"lI7KW\"><span>SCH\u00d8N Konferenz<\/span><\/p>\n<\/div>\n<\/div>\n<\/div>\n<div id=\"\" class=\"brz-css-yytpyb brz-css-1hvs2bh brz-wrapper\">\n<div class=\"brz-rich-text brz-rich-text__custom brz-css-1f3jseo brz-css-2z32zz\" data-brz-custom-id=\"reWgbspgs8bT\">\n<div data-brz-translate-text=\"1\">\n<p class=\"brz-tp-lg-paragraph brz-text-lg-center brz-css-xYNTf\" data-uniq-id=\"ia_3f\" data-generated-css=\"brz-css-v9a4f\"><span class=\"brz-cp-color8\">16.04.2027 ___________ 18.04.2027<\/span><\/p>\n<\/div>\n<\/div>\n<\/div>\n<div id=\"\" class=\"brz-css-yytpyb brz-css-mlxym3 brz-css-25iszh brz-wrapper\">\n<div class=\"brz-spacer brz-css-1074f0e brz-css-1cngyix\"><\/div>\n<\/div>\n<div id=\"\" class=\"brz-css-yytpyb brz-css-oqo0nw brz-wrapper\">\n<div class=\"brz-rich-text brz-rich-text__custom brz-css-1f3jseo brz-css-1u5cqq0\" data-brz-custom-id=\"bmnAt8dperZA\">\n<div data-brz-translate-text=\"1\">\n<p class=\"brz-tp-lg-subtitle brz-text-lg-center brz-text-xs-justify brz-css-rej0A\" data-uniq-id=\"lsl_B\" data-generated-css=\"brz-css-bSfxV\"><span class=\"brz-cp-color8\">Was macht wahre Sch\u00f6nheit aus? Wie k\u00f6nnen wir die Welt zu einem sch\u00f6neren Ort machen? Und was ist eigentlich das Geheimnis des Sch\u00f6nen? Nach ihrem spektakul\u00e4ren Auftakt 2018 mit Stefan Sagmeister, Wim Wenders und Michael Patrick Kelly ist sie nun zur\u00fcck: die EdenCulture-Konferenz f\u00fcr Sch\u00f6nheit, Kreativit\u00e4t, Kunst und Wertsch\u00e4tzung.<\/span><\/p>\n<p class=\"brz-tp-lg-subtitle brz-text-lg-center brz-text-xs-justify brz-css-zszO7\" data-uniq-id=\"hvDL0\" data-generated-css=\"brz-css-juQPh\"><span class=\"brz-cp-color8\">Weitere Infos folgen&#8230; <\/span><\/p>\n<\/div>\n<\/div>\n<\/div>\n<\/div>\n<\/div>\n<\/section>\n<section id=\"jM7Qaavnpa61_jM7Qaavnpa61\" class=\"brz-section brz-css-12y4n47 brz-css-cr8y48\">\n<div class=\"brz-section__content brz-section--boxed brz-css-13n077 brz-css-ybce8s\" data-brz-custom-id=\"aUMEl7H5nS3U\">\n<div class=\"brz-bg\">\n<div class=\"brz-bg-color\"><\/div>\n<\/div>\n<div class=\"brz-container brz-css-p33x16 brz-css-60208c\">\n<div id=\"\" class=\"brz-css-ysuog3 brz-css-xnddei brz-wrapper\">\n<div class=\"brz-line brz-line-default brz-css-23wsp brz-css-9qr28t\" data-brz-custom-id=\"dvaOSzYVX9NY\">\n<hr class=\"brz-hr\"><\/div>\n<\/div>\n<div id=\"\" class=\"brz-css-ysuog3 brz-css-1buf7ri brz-css-ktcwa8 brz-wrapper\">\n<div class=\"brz-spacer brz-css-1o69b4m brz-css-9yf17i\"><\/div>\n<\/div>\n<div id=\"\" class=\"brz-css-ysuog3 brz-css-1r5erex brz-wrapper\">\n<div class=\"brz-rich-text brz-rich-text__custom brz-css-1s2x2p2 brz-css-5nzvf8\" data-brz-custom-id=\"h_h4STwEDk2p\">\n<div data-brz-translate-text=\"1\">\n<p class=\"brz-text-lg-center brz-lh-lg-1_8 brz-vfw-lg-400 brz-fwdth-lg-100 brz-fsft-lg-0 brz-tp-lg-empty brz-ff-the_seasons brz-ft-adobe brz-fs-lg-25 brz-fss-lg-px brz-fw-lg-400 brz-ls-lg-1_5 brz-css-m7IzR\" data-uniq-id=\"tLxE3\" data-generated-css=\"brz-css-gcOci\"><span class=\"brz-cp-color8\">Bleiben wir in Kontakt?<\/span><\/p>\n<\/div>\n<\/div>\n<\/div>\n<div class=\"brz-row__container brz-css-1tqvww brz-css-hd7e2n\" data-brz-custom-id=\"abYtBHNs2lid\">\n<div class=\"brz-row brz-css-1njjpog brz-css-3afl8f\">\n<div class=\"brz-columns brz-css-1m5ghub brz-css-1d4klcq\" data-brz-custom-id=\"z_eOh_CHq981\">\n<div class=\"brz-column__items brz-css-89dalc brz-css-2zbw9a\">\n<div class=\"brz-wrapper-clone brz-flex-xs-wrap brz-css-jgrcan brz-css-1t3icaf\" data-brz-custom-id=\"nULWzfWqaq9E\">\n<div class=\"brz-icon__container\" data-brz-custom-id=\"oG_myV4OVj2h\"><a class=\"brz-a\" href=\"https:\/\/www.instagram.com\/schoenkonferenz\/\" target=\"_blank\" rel=\"noopener noreferrer\" data-brz-link-type=\"external\"><span class=\"brz-icon brz-span brz-css-10uv0yh brz-css-1ouuhah\"><\/span><\/a><\/div>\n<\/div>\n<\/div>\n<\/div>\n<div class=\"brz-columns brz-css-1m5ghub brz-css-uw7pot\" data-brz-custom-id=\"x4UMAyyY4h5_\">\n<div class=\"brz-column__items brz-css-89dalc brz-css-22vu6\">\n<div class=\"brz-wrapper-clone brz-flex-xs-wrap brz-css-jgrcan brz-css-ix6fnu\" data-brz-custom-id=\"uoRXuGZMIX8J\">\n<div class=\"brz-icon__container\" data-brz-custom-id=\"x50_gKwg7opE\"><a class=\"brz-a\" href=\"https:\/\/edenculture.de\/#newsletter\" target=\"_blank\" rel=\"noopener noreferrer\" data-brz-link-type=\"external\"><span class=\"brz-icon brz-span brz-css-10uv0yh brz-css-1g81h62\"><\/span><\/a><\/div>\n<\/div>\n<\/div>\n<\/div>\n<\/div>\n<\/div>\n<div id=\"\" class=\"brz-css-ysuog3 brz-css-1buf7ri brz-css-5gw07g brz-wrapper\">\n<div class=\"brz-spacer brz-css-1o69b4m brz-css-1ilorzi\"><\/div>\n<\/div>\n<div class=\"brz-row__container brz-css-1tqvww brz-css-luuukf\" data-brz-custom-id=\"t4CrdhPWQ6B_\">\n<div class=\"brz-row brz-css-1njjpog brz-css-1sx2mdp brz-css-thpiam\">\n<div class=\"brz-columns brz-css-1m5ghub brz-css-17wtx0s\" data-brz-custom-id=\"eZiBsNi0ysLa\">\n<div class=\"brz-column__items brz-css-89dalc brz-css-e59i7g\">\n<div id=\"\" class=\"brz-css-ysuog3 brz-css-1qudbzk brz-wrapper\">\n<div class=\"brz-rich-text brz-rich-text__custom brz-css-1s2x2p2 brz-css-95ses5\" data-brz-custom-id=\"yOEm9lNFBxdW\">\n<div data-brz-translate-text=\"1\">\n<p class=\"brz-text-lg-center brz-bcp-color7 brz-tp-lg-paragraph brz-css-n3As8\" data-uniq-id=\"miMWQ\" data-generated-css=\"brz-css-gCZ6N\"><a class=\"brz-cp-color7 link--page\" href=\"https:\/\/schoenkonferenz.org\/?page_id=76\" data-brz-link-type=\"page\">Impressum<\/a><\/p>\n<\/div>\n<\/div>\n<\/div>\n<\/div>\n<\/div>\n<div class=\"brz-columns brz-css-1m5ghub brz-css-10lsjwh\" data-brz-custom-id=\"oedZTvxSR9ZB\">\n<div class=\"brz-column__items brz-css-89dalc brz-css-1ompu0x\">\n<div id=\"\" class=\"brz-css-ysuog3 brz-css-uwcpcw brz-wrapper\">\n<div class=\"brz-rich-text brz-rich-text__custom brz-css-1s2x2p2 brz-css-pig98f\" data-brz-custom-id=\"pTO3fPsgw7VW\">\n<div data-brz-translate-text=\"1\">\n<p class=\"brz-text-lg-center brz-tp-lg-paragraph brz-css-bzCpt\" data-uniq-id=\"rMLDV\" data-generated-css=\"brz-css-m3uH3\"><a class=\"brz-cp-color7 link--page\" href=\"https:\/\/schoenkonferenz.org\/?page_id=74\" data-brz-link-type=\"page\">Datenschutz<\/a><\/p>\n<\/div>\n<\/div>\n<\/div>\n<\/div>\n<\/div>\n<\/div>\n<\/div>\n<\/div>\n<\/div>\n<\/section><\/div>\n<p><!-- version:1759828223 --><\/p>\n","protected":false},"excerpt":{"rendered":"<p>Save-the-date SCH\u00d8N Konferenz 16.04.2027 ___________ 18.04.2027 Was macht wahre Sch\u00f6nheit aus? Wie k\u00f6nnen wir die Welt zu einem sch\u00f6neren Ort machen? Und was ist eigentlich das Geheimnis des Sch\u00f6nen? Nach ihrem spektakul\u00e4ren Auftakt 2018 mit Stefan Sagmeister, Wim Wenders und Michael Patrick Kelly ist sie nun zur\u00fcck: die EdenCulture-Konferenz f\u00fcr Sch\u00f6nheit, Kreativit\u00e4t, Kunst und Wertsch\u00e4tzung. [&hellip;]<\/p>\n","protected":false},"author":1,"featured_media":0,"parent":0,"menu_order":0,"comment_status":"closed","ping_status":"closed","template":"brizy-blank-template.php","meta":{"footnotes":""},"class_list":["post-8","page","type-page","status-publish","hentry"],"brizy_media":[{"id":40,"url":"https:\/\/schoenkonferenz.org\/wp-content\/uploads\/2025\/10\/EdenFest-JS-20250607-09-42-29.jpg","name":"EdenFest-JS-20250607-09-42-29.jpg","meta":{"brizy_attachment_uid":"wp-1b2ccd5f619a9616db0d0ea243454570.jpg","brizy_post_uid":["32deba5acdc2054523fe582438358daa"]}},{"id":41,"url":"https:\/\/schoenkonferenz.org\/wp-content\/uploads\/2025\/10\/EdenFest-JS-20250607-12-12-54.jpg","name":"EdenFest-JS-20250607-12-12-54.jpg","meta":{"brizy_attachment_uid":"wp-0abc52b50509722537e50b5b2d3be4ad.jpg","brizy_post_uid":["32deba5acdc2054523fe582438358daa"]}},{"id":43,"url":"https:\/\/schoenkonferenz.org\/wp-content\/uploads\/2025\/10\/EdenFest-JS-20250607-14-25-00.jpg","name":"EdenFest-JS-20250607-14-25-00.jpg","meta":{"brizy_attachment_uid":"wp-ac61027fb792c1fe1bc5d50fbdf89010.jpg","brizy_post_uid":["32deba5acdc2054523fe582438358daa"]}},{"id":44,"url":"https:\/\/schoenkonferenz.org\/wp-content\/uploads\/2025\/10\/EdenFest-SP-20250607-10-04-24.jpg","name":"EdenFest-SP-20250607-10-04-24.jpg","meta":{"brizy_attachment_uid":"wp-4109e75420b53821b0477edb1cb8adba.jpg","brizy_post_uid":["32deba5acdc2054523fe582438358daa"]}},{"id":46,"url":"https:\/\/schoenkonferenz.org\/wp-content\/uploads\/2025\/10\/EdenFest-DW-20250608-22-39-30.jpg","name":"EdenFest-DW-20250608-22-39-30.jpg","meta":{"brizy_attachment_uid":"wp-59e23f66f2f6b9e44a5148fd00edac30.jpg","brizy_post_uid":["32deba5acdc2054523fe582438358daa"]}},{"id":47,"url":"https:\/\/schoenkonferenz.org\/wp-content\/uploads\/2025\/10\/EdenFest-JS-20250608-09-42-31.jpg","name":"EdenFest-JS-20250608-09-42-31.jpg","meta":{"brizy_attachment_uid":"wp-c8d960878b73c48c7fd481fbc834b97a.jpg","brizy_post_uid":["32deba5acdc2054523fe582438358daa"]}},{"id":48,"url":"https:\/\/schoenkonferenz.org\/wp-content\/uploads\/2025\/10\/EdenFest-JS-20250608-11-26-18.jpg","name":"EdenFest-JS-20250608-11-26-18.jpg","meta":{"brizy_attachment_uid":"wp-b77984c86eb3be385f148debc3e5cc7d.jpg","brizy_post_uid":["32deba5acdc2054523fe582438358daa"]}},{"id":49,"url":"https:\/\/schoenkonferenz.org\/wp-content\/uploads\/2025\/10\/EdenFest-TM-20250608-16-43-01.jpg","name":"EdenFest-TM-20250608-16-43-01.jpg","meta":{"brizy_attachment_uid":"wp-6a0b5521ef45bf8e8088cd542354db3d.jpg","brizy_post_uid":["32deba5acdc2054523fe582438358daa"]}},{"id":50,"url":"https:\/\/schoenkonferenz.org\/wp-content\/uploads\/2025\/10\/EdenFest-TM-20250608-19-49-39.jpg","name":"EdenFest-TM-20250608-19-49-39.jpg","meta":{"brizy_attachment_uid":"wp-a5a9d7cafe075b1e64f1554aec08cafa.jpg","brizy_post_uid":["32deba5acdc2054523fe582438358daa"]}},{"id":52,"url":"https:\/\/schoenkonferenz.org\/wp-content\/uploads\/2025\/10\/20230603-234657-EDENFEST-CK-scaled-1.jpg","name":"20230603-234657-EDENFEST-CK-scaled-1.jpg","meta":{"brizy_attachment_uid":"wp-2d8ccd29e1e71aeb586252ad27698eb8.jpg","brizy_post_uid":["32deba5acdc2054523fe582438358daa"]}}],"_links":{"self":[{"href":"https:\/\/schoenkonferenz.org\/index.php?rest_route=\/wp\/v2\/pages\/8","targetHints":{"allow":["GET"]}}],"collection":[{"href":"https:\/\/schoenkonferenz.org\/index.php?rest_route=\/wp\/v2\/pages"}],"about":[{"href":"https:\/\/schoenkonferenz.org\/index.php?rest_route=\/wp\/v2\/types\/page"}],"author":[{"embeddable":true,"href":"https:\/\/schoenkonferenz.org\/index.php?rest_route=\/wp\/v2\/users\/1"}],"replies":[{"embeddable":true,"href":"https:\/\/schoenkonferenz.org\/index.php?rest_route=%2Fwp%2Fv2%2Fcomments&post=8"}],"version-history":[{"count":24,"href":"https:\/\/schoenkonferenz.org\/index.php?rest_route=\/wp\/v2\/pages\/8\/revisions"}],"predecessor-version":[{"id":110,"href":"https:\/\/schoenkonferenz.org\/index.php?rest_route=\/wp\/v2\/pages\/8\/revisions\/110"}],"wp:attachment":[{"href":"https:\/\/schoenkonferenz.org\/index.php?rest_route=%2Fwp%2Fv2%2Fmedia&parent=8"}],"curies":[{"name":"wp","href":"https:\/\/api.w.org\/{rel}","templated":true}]}}